{"id":762,"date":"2024-12-20T13:33:51","date_gmt":"2024-12-20T13:33:51","guid":{"rendered":"https:\/\/vakantiehuis-zeeuwse-kust.nl\/?page_id=762"},"modified":"2025-01-21T15:47:00","modified_gmt":"2025-01-21T15:47:00","slug":"kontakt","status":"publish","type":"page","link":"https:\/\/vakantiehuis-zeeuwse-kust.nl\/de\/kontakt\/","title":{"rendered":"Kontakt"},"content":{"rendered":"[vc_row type=&#8220;full_width_background&#8220; full_screen_row_position=&#8220;middle&#8220; column_margin=&#8220;default&#8220; equal_height=&#8220;yes&#8220; content_placement=&#8220;middle&#8220; column_direction=&#8220;default&#8220; column_direction_tablet=&#8220;default&#8220; column_direction_phone=&#8220;default&#8220; bg_image=&#8220;18&#8243; bg_position=&#8220;left top&#8220; background_image_loading=&#8220;default&#8220; bg_repeat=&#8220;no-repeat&#8220; scene_position=&#8220;center&#8220; bottom_padding=&#8220;5%&#8220; text_color=&#8220;light&#8220; text_align=&#8220;left&#8220; row_border_radius=&#8220;none&#8220; row_border_radius_applies=&#8220;bg&#8220; overflow=&#8220;visible&#8220; enable_gradient=&#8220;true&#8220; color_overlay=&#8220;rgba(6,107,41,0.94)&#8220; color_overlay_2=&#8220;rgba(6,107,41,0.53)&#8220; overlay_strength=&#8220;0.8&#8243; gradient_direction=&#8220;left_t_to_right_b&#8220; enable_shape_divider=&#8220;true&#8220; shape_divider_color=&#8220;#fff9f7&#8243; shape_divider_position=&#8220;bottom&#8220; shape_divider_height=&#8220;350&#8243; bg_image_animation=&#8220;none&#8220; parallax_bg=&#8220;true&#8220; parallax_bg_speed=&#8220;slow&#8220; shape_type=&#8220;waves_opacity_alt&#8220; gradient_type=&#8220;default&#8220;][vc_column column_padding=&#8220;no-extra-padding&#8220; column_padding_tablet=&#8220;inherit&#8220; column_padding_phone=&#8220;inherit&#8220; column_padding_position=&#8220;all&#8220; column_element_direction_desktop=&#8220;default&#8220; column_element_spacing=&#8220;default&#8220; desktop_text_alignment=&#8220;default&#8220; tablet_text_alignment=&#8220;default&#8220; phone_text_alignment=&#8220;default&#8220; background_color_opacity=&#8220;1&#8243; background_hover_color_opacity=&#8220;1&#8243; column_backdrop_filter=&#8220;none&#8220; font_color=&#8220;#fff9f7&#8243; column_shadow=&#8220;none&#8220; column_border_radius=&#8220;none&#8220; column_link_target=&#8220;_self&#8220; column_position=&#8220;default&#8220; gradient_direction=&#8220;left_to_right&#8220; overlay_strength=&#8220;0.3&#8243; width=&#8220;1\/2&#8243; tablet_width_inherit=&#8220;default&#8220; animation_type=&#8220;default&#8220; bg_image_animation=&#8220;none&#8220; border_type=&#8220;simple&#8220; column_border_width=&#8220;none&#8220; column_border_style=&#8220;solid&#8220; column_padding_type=&#8220;default&#8220; gradient_type=&#8220;default&#8220;][vc_row_inner column_margin=&#8220;default&#8220; column_direction=&#8220;default&#8220; column_direction_tablet=&#8220;default&#8220; column_direction_phone=&#8220;default&#8220; text_align=&#8220;left&#8220; row_position=&#8220;default&#8220; row_position_tablet=&#8220;inherit&#8220; row_position_phone=&#8220;inherit&#8220; overflow=&#8220;visible&#8220; pointer_events=&#8220;all&#8220; css=&#8220;.vc_custom_1734642993208{margin-bottom: 20px !important;}&#8220;][vc_column_inner column_padding=&#8220;no-extra-padding&#8220; column_padding_tablet=&#8220;inherit&#8220; column_padding_phone=&#8220;inherit&#8220; column_padding_position=&#8220;all&#8220; column_element_direction_desktop=&#8220;default&#8220; column_element_spacing=&#8220;default&#8220; desktop_text_alignment=&#8220;default&#8220; tablet_text_alignment=&#8220;default&#8220; phone_text_alignment=&#8220;default&#8220; background_color_opacity=&#8220;1&#8243; background_hover_color_opacity=&#8220;1&#8243; column_backdrop_filter=&#8220;none&#8220; column_shadow=&#8220;none&#8220; column_border_radius=&#8220;none&#8220; column_link_target=&#8220;_self&#8220; overflow=&#8220;visible&#8220; gradient_direction=&#8220;left_to_right&#8220; overlay_strength=&#8220;0.3&#8243; width=&#8220;1\/1&#8243; tablet_width_inherit=&#8220;default&#8220; animation_type=&#8220;default&#8220; enable_animation=&#8220;true&#8220; animation=&#8220;fade-in-from-bottom&#8220; animation_easing=&#8220;default&#8220; bg_image_animation=&#8220;none&#8220; border_type=&#8220;simple&#8220; column_border_width=&#8220;none&#8220; column_border_style=&#8220;solid&#8220; column_padding_type=&#8220;default&#8220; gradient_type=&#8220;default&#8220;][nectar_highlighted_text scribble_color=&#8220;#00a8ea&#8220; style=&#8220;scribble&#8220; scribble_shape=&#8220;squiggle-underline-2&#8243; scribble_thickness=&#8220;regular&#8220; scribble_speed=&#8220;1.8s&#8220; scribble_easing=&#8220;ease_in_out&#8220; text_direction=&#8220;default&#8220;]\n<h1>Bitte <em>kontaktieren<\/em> Sie uns<\/h1>\n[\/nectar_highlighted_text][\/vc_column_inner][\/vc_row_inner][vc_row_inner column_margin=&#8220;default&#8220; column_direction=&#8220;default&#8220; column_direction_tablet=&#8220;default&#8220; column_direction_phone=&#8220;default&#8220; text_align=&#8220;left&#8220; row_position=&#8220;default&#8220; row_position_tablet=&#8220;inherit&#8220; row_position_phone=&#8220;inherit&#8220; overflow=&#8220;visible&#8220; pointer_events=&#8220;all&#8220;][vc_column_inner column_padding=&#8220;no-extra-padding&#8220; column_padding_tablet=&#8220;inherit&#8220; column_padding_phone=&#8220;inherit&#8220; column_padding_position=&#8220;all&#8220; column_element_direction_desktop=&#8220;default&#8220; column_element_spacing=&#8220;default&#8220; desktop_text_alignment=&#8220;default&#8220; tablet_text_alignment=&#8220;default&#8220; phone_text_alignment=&#8220;default&#8220; background_color_opacity=&#8220;1&#8243; background_hover_color_opacity=&#8220;1&#8243; column_backdrop_filter=&#8220;none&#8220; column_shadow=&#8220;none&#8220; column_border_radius=&#8220;none&#8220; column_link_target=&#8220;_self&#8220; overflow=&#8220;visible&#8220; gradient_direction=&#8220;left_to_right&#8220; overlay_strength=&#8220;0.3&#8243; width=&#8220;1\/1&#8243; tablet_width_inherit=&#8220;default&#8220; animation_type=&#8220;default&#8220; enable_animation=&#8220;true&#8220; animation=&#8220;fade-in-from-bottom&#8220; animation_easing=&#8220;default&#8220; bg_image_animation=&#8220;none&#8220; border_type=&#8220;simple&#8220; column_border_width=&#8220;none&#8220; column_border_style=&#8220;solid&#8220; delay=&#8220;200&#8243;][nectar_responsive_text inherited_font_style=&#8220;h3&#8243; text_color=&#8220;rgba(255,255,255,0.85)&#8220; text_direction=&#8220;default&#8220; font_size_desktop=&#8220;20&#8243; font_line_height=&#8220;36px&#8220; max_width=&#8220;550&#8243;]Gerne beantworten wir Ihre Fragen, \u00fcberpr\u00fcfen Ihre Buchung oder Ihre Tipps. Sie k\u00f6nnen uns eine E-Mail an <a href=\"mailto:nieuwvliet@outlook.com\">nieuwvliet@outlook.com<\/a> senden, Sie k\u00f6nnen aber auch das Kontaktformular ausf\u00fcllen. Wir versuchen immer innerhalb von 2 Tagen zu antworten.<br \/>\nWir w\u00fcrden uns freuen, von Ihnen zu h\u00f6ren![\/nectar_responsive_text][\/vc_column_inner][\/vc_row_inner][\/vc_column][vc_column column_padding=&#8220;padding-4-percent&#8220; column_padding_tablet=&#8220;inherit&#8220; column_padding_phone=&#8220;inherit&#8220; column_padding_position=&#8220;all&#8220; top_margin=&#8220;10%&#8220; column_element_direction_desktop=&#8220;default&#8220; column_element_spacing=&#8220;default&#8220; desktop_text_alignment=&#8220;default&#8220; tablet_text_alignment=&#8220;default&#8220; phone_text_alignment=&#8220;default&#8220; background_color=&#8220;#00a8ea&#8220; background_color_opacity=&#8220;0.4&#8243; background_hover_color_opacity=&#8220;1&#8243; column_backdrop_filter=&#8220;none&#8220; column_shadow=&#8220;none&#8220; column_border_radius=&#8220;10px&#8220; column_link_target=&#8220;_self&#8220; column_position=&#8220;default&#8220; gradient_direction=&#8220;left_to_right&#8220; overlay_strength=&#8220;0.3&#8243; width=&#8220;1\/2&#8243; tablet_width_inherit=&#8220;default&#8220; animation_type=&#8220;default&#8220; enable_animation=&#8220;true&#8220; animation=&#8220;fade-in-from-right&#8220; animation_easing=&#8220;default&#8220; bg_image_animation=&#8220;none&#8220; border_type=&#8220;simple&#8220; column_border_width=&#8220;none&#8220; column_border_style=&#8220;solid&#8220; column_padding_type=&#8220;default&#8220; gradient_type=&#8220;default&#8220; delay=&#8220;500&#8243;]\n<div class=\"wpcf7 no-js\" id=\"wpcf7-f779-o1\" lang=\"nl-NL\" dir=\"ltr\" data-wpcf7-id=\"779\">\n<div class=\"screen-reader-response\"><p role=\"status\" aria-live=\"polite\" aria-atomic=\"true\"><\/p> <ul><\/ul><\/div>\n<form action=\"\/de\/wp-json\/wp\/v2\/pages\/762#wpcf7-f779-o1\" method=\"post\" class=\"wpcf7-form init\" aria-label=\"Contactformulier\" novalidate=\"novalidate\" data-status=\"init\">\n<fieldset class=\"hidden-fields-container\"><input type=\"hidden\" name=\"_wpcf7\" value=\"779\" \/><input type=\"hidden\" name=\"_wpcf7_version\" value=\"6.1.5\" \/><input type=\"hidden\" name=\"_wpcf7_locale\" value=\"nl_NL_formal\" \/><input type=\"hidden\" name=\"_wpcf7_unit_tag\" value=\"wpcf7-f779-o1\" \/><input type=\"hidden\" name=\"_wpcf7_container_post\" value=\"0\" \/><input type=\"hidden\" name=\"_wpcf7_posted_data_hash\" value=\"\" \/><input type=\"hidden\" name=\"_wpcf7_recaptcha_response\" value=\"\" \/>\n<\/fieldset>\n<p><label> Name<br \/>\n<span class=\"wpcf7-form-control-wrap\" data-name=\"your-name\"><input size=\"40\" maxlength=\"400\" class=\"wpcf7-form-control wpcf7-text wpcf7-validates-as-required\" autocomplete=\"name\" aria-required=\"true\" aria-invalid=\"false\" value=\"\" type=\"text\" name=\"your-name\" \/><\/span> <\/label>\n<\/p>\n<p><label> E-Mail<br \/>\n<span class=\"wpcf7-form-control-wrap\" data-name=\"your-email\"><input size=\"40\" maxlength=\"400\" class=\"wpcf7-form-control wpcf7-email wpcf7-validates-as-required wpcf7-text wpcf7-validates-as-email\" autocomplete=\"email\" aria-required=\"true\" aria-invalid=\"false\" value=\"\" type=\"email\" name=\"your-email\" \/><\/span> <\/label>\n<\/p>\n<p><label> Nachricht<br \/>\n<span class=\"wpcf7-form-control-wrap\" data-name=\"your-message\"><textarea cols=\"40\" rows=\"10\" maxlength=\"2000\" class=\"wpcf7-form-control wpcf7-textarea wpcf7-validates-as-required\" aria-required=\"true\" aria-invalid=\"false\" name=\"your-message\"><\/textarea><\/span> <\/label>\n<\/p>\n<p><input class=\"wpcf7-form-control wpcf7-submit has-spinner\" type=\"submit\" value=\"Schicken\" \/>\n<\/p>\n<div>\n<div class=\"wpcf7-response-output\" aria-hidden=\"true\"><\/div>\n<\/div>\n<p class=\"recaptcha\"> Diese Website ist mit reCAPTCHA gesch\u00fctzt, daher gelten die Datenschutzbestimmungen und Nutzungsbedingungen von Google.\n<\/p>\n<\/form>\n<\/div>\n[\/vc_column][\/vc_row]\n","protected":false},"excerpt":{"rendered":"<p>[vc_row type=&#8220;full_width_background&#8220; full_screen_row_position=&#8220;middle&#8220; column_margin=&#8220;default&#8220; equal_height=&#8220;yes&#8220; content_placement=&#8220;middle&#8220; column_direction=&#8220;default&#8220; column_direction_tablet=&#8220;default&#8220; column_direction_phone=&#8220;default&#8220; bg_image=&#8220;18&#8243; bg_position=&#8220;left top&#8220; background_image_loading=&#8220;default&#8220; bg_repeat=&#8220;no-repeat&#8220; scene_position=&#8220;center&#8220; bottom_padding=&#8220;5%&#8220; text_color=&#8220;light&#8220; text_align=&#8220;left&#8220; row_border_radius=&#8220;none&#8220; row_border_radius_applies=&#8220;bg&#8220; overflow=&#8220;visible&#8220; enable_gradient=&#8220;true&#8220; color_overlay=&#8220;rgba(6,107,41,0.94)&#8220; color_overlay_2=&#8220;rgba(6,107,41,0.53)&#8220; overlay_strength=&#8220;0.8&#8243; gradient_direction=&#8220;left_t_to_right_b&#8220; enable_shape_divider=&#8220;true&#8220; shape_divider_color=&#8220;#fff9f7&#8243; shape_divider_position=&#8220;bottom&#8220; shape_divider_height=&#8220;350&#8243;&#8230;<\/p>\n","protected":false},"author":1,"featured_media":0,"parent":0,"menu_order":4,"comment_status":"closed","ping_status":"closed","template":"","meta":{"footnotes":""},"class_list":["post-762","page","type-page","status-publish"],"yoast_head":"<!-- This site is optimized with the Yoast SEO plugin v27.4 - https:\/\/yoast.com\/product\/yoast-seo-wordpress\/ -->\n<title>Kontakt - Vakantiehuis Zeeuwse Kust<\/title>\n<meta name=\"description\" content=\"M\u00f6chten Sie an der K\u00fcste Zeelands frische Luft schnappen? Dieses Ferienhaus ist gem\u00fctlich, kompakt und perfekt gelegen. Wir sehen uns bald!\" \/>\n<meta name=\"robots\" content=\"index, follow, max-snippet:-1, max-image-preview:large, max-video-preview:-1\" \/>\n<link rel=\"canonical\" href=\"https:\/\/vakantiehuis-zeeuwse-kust.nl\/de\/kontakt\/\" \/>\n<meta property=\"og:locale\" content=\"de_DE\" \/>\n<meta property=\"og:type\" content=\"article\" \/>\n<meta property=\"og:title\" content=\"Kontakt - Vakantiehuis Zeeuwse Kust\" \/>\n<meta property=\"og:description\" content=\"M\u00f6chten Sie an der K\u00fcste Zeelands frische Luft schnappen? Dieses Ferienhaus ist gem\u00fctlich, kompakt und perfekt gelegen. Wir sehen uns bald!\" \/>\n<meta property=\"og:url\" content=\"https:\/\/vakantiehuis-zeeuwse-kust.nl\/de\/kontakt\/\" \/>\n<meta property=\"og:site_name\" content=\"Vakantiehuis Zeeuwse Kust\" \/>\n<meta property=\"article:modified_time\" content=\"2025-01-21T15:47:00+00:00\" \/>\n<meta property=\"og:image\" content=\"https:\/\/vakantiehuis-zeeuwse-kust.nl\/wp-content\/uploads\/2025\/01\/vakantiehuis-nieuwvliet-yoast.jpg\" \/>\n\t<meta property=\"og:image:width\" content=\"1200\" \/>\n\t<meta property=\"og:image:height\" content=\"675\" \/>\n\t<meta property=\"og:image:type\" content=\"image\/jpeg\" \/>\n<meta name=\"twitter:card\" content=\"summary_large_image\" \/>\n<script type=\"application\/ld+json\" class=\"yoast-schema-graph\">{\"@context\":\"https:\\\/\\\/schema.org\",\"@graph\":[{\"@type\":\"WebPage\",\"@id\":\"https:\\\/\\\/vakantiehuis-zeeuwse-kust.nl\\\/de\\\/kontakt\\\/\",\"url\":\"https:\\\/\\\/vakantiehuis-zeeuwse-kust.nl\\\/de\\\/kontakt\\\/\",\"name\":\"Kontakt - Vakantiehuis Zeeuwse Kust\",\"isPartOf\":{\"@id\":\"https:\\\/\\\/vakantiehuis-zeeuwse-kust.nl\\\/#website\"},\"datePublished\":\"2024-12-20T13:33:51+00:00\",\"dateModified\":\"2025-01-21T15:47:00+00:00\",\"description\":\"M\u00f6chten Sie an der K\u00fcste Zeelands frische Luft schnappen? Dieses Ferienhaus ist gem\u00fctlich, kompakt und perfekt gelegen. Wir sehen uns bald!\",\"breadcrumb\":{\"@id\":\"https:\\\/\\\/vakantiehuis-zeeuwse-kust.nl\\\/de\\\/kontakt\\\/#breadcrumb\"},\"inLanguage\":\"de\",\"potentialAction\":[{\"@type\":\"ReadAction\",\"target\":[\"https:\\\/\\\/vakantiehuis-zeeuwse-kust.nl\\\/de\\\/kontakt\\\/\"]}]},{\"@type\":\"BreadcrumbList\",\"@id\":\"https:\\\/\\\/vakantiehuis-zeeuwse-kust.nl\\\/de\\\/kontakt\\\/#breadcrumb\",\"itemListElement\":[{\"@type\":\"ListItem\",\"position\":1,\"name\":\"Home\",\"item\":\"https:\\\/\\\/vakantiehuis-zeeuwse-kust.nl\\\/de\\\/\"},{\"@type\":\"ListItem\",\"position\":2,\"name\":\"Kontakt\"}]},{\"@type\":\"WebSite\",\"@id\":\"https:\\\/\\\/vakantiehuis-zeeuwse-kust.nl\\\/#website\",\"url\":\"https:\\\/\\\/vakantiehuis-zeeuwse-kust.nl\\\/\",\"name\":\"Vakantiehuis Zeeuwse Kust\",\"description\":\"Heerlijk slapen aan de Zeeuwse kust!\",\"publisher\":{\"@id\":\"https:\\\/\\\/vakantiehuis-zeeuwse-kust.nl\\\/#organization\"},\"potentialAction\":[{\"@type\":\"SearchAction\",\"target\":{\"@type\":\"EntryPoint\",\"urlTemplate\":\"https:\\\/\\\/vakantiehuis-zeeuwse-kust.nl\\\/?s={search_term_string}\"},\"query-input\":{\"@type\":\"PropertyValueSpecification\",\"valueRequired\":true,\"valueName\":\"search_term_string\"}}],\"inLanguage\":\"de\"},{\"@type\":\"Organization\",\"@id\":\"https:\\\/\\\/vakantiehuis-zeeuwse-kust.nl\\\/#organization\",\"name\":\"Vakantiehuis Zeeuwse Kust\",\"url\":\"https:\\\/\\\/vakantiehuis-zeeuwse-kust.nl\\\/\",\"logo\":{\"@type\":\"ImageObject\",\"inLanguage\":\"de\",\"@id\":\"https:\\\/\\\/vakantiehuis-zeeuwse-kust.nl\\\/#\\\/schema\\\/logo\\\/image\\\/\",\"url\":\"https:\\\/\\\/vakantiehuis-zeeuwse-kust.nl\\\/wp-content\\\/uploads\\\/2024\\\/12\\\/cropped-vakantiehuis-zeeuwse-kust-nieuwvliet-icon.png\",\"contentUrl\":\"https:\\\/\\\/vakantiehuis-zeeuwse-kust.nl\\\/wp-content\\\/uploads\\\/2024\\\/12\\\/cropped-vakantiehuis-zeeuwse-kust-nieuwvliet-icon.png\",\"width\":512,\"height\":512,\"caption\":\"Vakantiehuis Zeeuwse Kust\"},\"image\":{\"@id\":\"https:\\\/\\\/vakantiehuis-zeeuwse-kust.nl\\\/#\\\/schema\\\/logo\\\/image\\\/\"}}]}<\/script>\n<!-- \/ Yoast SEO plugin. -->","yoast_head_json":{"title":"Kontakt - Vakantiehuis Zeeuwse Kust","description":"M\u00f6chten Sie an der K\u00fcste Zeelands frische Luft schnappen? Dieses Ferienhaus ist gem\u00fctlich, kompakt und perfekt gelegen. Wir sehen uns bald!","robots":{"index":"index","follow":"follow","max-snippet":"max-snippet:-1","max-image-preview":"max-image-preview:large","max-video-preview":"max-video-preview:-1"},"canonical":"https:\/\/vakantiehuis-zeeuwse-kust.nl\/de\/kontakt\/","og_locale":"de_DE","og_type":"article","og_title":"Kontakt - Vakantiehuis Zeeuwse Kust","og_description":"M\u00f6chten Sie an der K\u00fcste Zeelands frische Luft schnappen? Dieses Ferienhaus ist gem\u00fctlich, kompakt und perfekt gelegen. Wir sehen uns bald!","og_url":"https:\/\/vakantiehuis-zeeuwse-kust.nl\/de\/kontakt\/","og_site_name":"Vakantiehuis Zeeuwse Kust","article_modified_time":"2025-01-21T15:47:00+00:00","og_image":[{"width":1200,"height":675,"url":"https:\/\/vakantiehuis-zeeuwse-kust.nl\/wp-content\/uploads\/2025\/01\/vakantiehuis-nieuwvliet-yoast.jpg","type":"image\/jpeg"}],"twitter_card":"summary_large_image","schema":{"@context":"https:\/\/schema.org","@graph":[{"@type":"WebPage","@id":"https:\/\/vakantiehuis-zeeuwse-kust.nl\/de\/kontakt\/","url":"https:\/\/vakantiehuis-zeeuwse-kust.nl\/de\/kontakt\/","name":"Kontakt - Vakantiehuis Zeeuwse Kust","isPartOf":{"@id":"https:\/\/vakantiehuis-zeeuwse-kust.nl\/#website"},"datePublished":"2024-12-20T13:33:51+00:00","dateModified":"2025-01-21T15:47:00+00:00","description":"M\u00f6chten Sie an der K\u00fcste Zeelands frische Luft schnappen? Dieses Ferienhaus ist gem\u00fctlich, kompakt und perfekt gelegen. Wir sehen uns bald!","breadcrumb":{"@id":"https:\/\/vakantiehuis-zeeuwse-kust.nl\/de\/kontakt\/#breadcrumb"},"inLanguage":"de","potentialAction":[{"@type":"ReadAction","target":["https:\/\/vakantiehuis-zeeuwse-kust.nl\/de\/kontakt\/"]}]},{"@type":"BreadcrumbList","@id":"https:\/\/vakantiehuis-zeeuwse-kust.nl\/de\/kontakt\/#breadcrumb","itemListElement":[{"@type":"ListItem","position":1,"name":"Home","item":"https:\/\/vakantiehuis-zeeuwse-kust.nl\/de\/"},{"@type":"ListItem","position":2,"name":"Kontakt"}]},{"@type":"WebSite","@id":"https:\/\/vakantiehuis-zeeuwse-kust.nl\/#website","url":"https:\/\/vakantiehuis-zeeuwse-kust.nl\/","name":"Vakantiehuis Zeeuwse Kust","description":"Heerlijk slapen aan de Zeeuwse kust!","publisher":{"@id":"https:\/\/vakantiehuis-zeeuwse-kust.nl\/#organization"},"potentialAction":[{"@type":"SearchAction","target":{"@type":"EntryPoint","urlTemplate":"https:\/\/vakantiehuis-zeeuwse-kust.nl\/?s={search_term_string}"},"query-input":{"@type":"PropertyValueSpecification","valueRequired":true,"valueName":"search_term_string"}}],"inLanguage":"de"},{"@type":"Organization","@id":"https:\/\/vakantiehuis-zeeuwse-kust.nl\/#organization","name":"Vakantiehuis Zeeuwse Kust","url":"https:\/\/vakantiehuis-zeeuwse-kust.nl\/","logo":{"@type":"ImageObject","inLanguage":"de","@id":"https:\/\/vakantiehuis-zeeuwse-kust.nl\/#\/schema\/logo\/image\/","url":"https:\/\/vakantiehuis-zeeuwse-kust.nl\/wp-content\/uploads\/2024\/12\/cropped-vakantiehuis-zeeuwse-kust-nieuwvliet-icon.png","contentUrl":"https:\/\/vakantiehuis-zeeuwse-kust.nl\/wp-content\/uploads\/2024\/12\/cropped-vakantiehuis-zeeuwse-kust-nieuwvliet-icon.png","width":512,"height":512,"caption":"Vakantiehuis Zeeuwse Kust"},"image":{"@id":"https:\/\/vakantiehuis-zeeuwse-kust.nl\/#\/schema\/logo\/image\/"}}]}},"_links":{"self":[{"href":"https:\/\/vakantiehuis-zeeuwse-kust.nl\/de\/wp-json\/wp\/v2\/pages\/762","targetHints":{"allow":["GET"]}}],"collection":[{"href":"https:\/\/vakantiehuis-zeeuwse-kust.nl\/de\/wp-json\/wp\/v2\/pages"}],"about":[{"href":"https:\/\/vakantiehuis-zeeuwse-kust.nl\/de\/wp-json\/wp\/v2\/types\/page"}],"author":[{"embeddable":true,"href":"https:\/\/vakantiehuis-zeeuwse-kust.nl\/de\/wp-json\/wp\/v2\/users\/1"}],"replies":[{"embeddable":true,"href":"https:\/\/vakantiehuis-zeeuwse-kust.nl\/de\/wp-json\/wp\/v2\/comments?post=762"}],"version-history":[{"count":5,"href":"https:\/\/vakantiehuis-zeeuwse-kust.nl\/de\/wp-json\/wp\/v2\/pages\/762\/revisions"}],"predecessor-version":[{"id":790,"href":"https:\/\/vakantiehuis-zeeuwse-kust.nl\/de\/wp-json\/wp\/v2\/pages\/762\/revisions\/790"}],"wp:attachment":[{"href":"https:\/\/vakantiehuis-zeeuwse-kust.nl\/de\/wp-json\/wp\/v2\/media?parent=762"}],"curies":[{"name":"wp","href":"https:\/\/api.w.org\/{rel}","templated":true}]}}